{"id":27,"date":"2020-01-05T19:18:25","date_gmt":"2020-01-05T18:18:25","guid":{"rendered":"http:\/\/bergerie-a-pila.corsica\/?page_id=27"},"modified":"2022-04-17T23:26:34","modified_gmt":"2022-04-17T21:26:34","slug":"contact","status":"publish","type":"page","link":"https:\/\/bergerie-a-pila.corsica\/index.php\/contact\/","title":{"rendered":"Contact"},"content":{"rendered":"\n<p class=\"has-text-align-center\"><a href=\"mailto:contact@bergerie-a-pila.corsica\">contact@bergerie-a-pila.corsica<\/a><\/p>\n\n\n\n<p>Prendre contact pour obtenir des renseignements et recevoir le dossier de pr\u00e9sentation de ma bergerie.<\/p>\n\n\n\n<h3 class=\"has-text-align-center wp-block-heading\">Nous rejoindre \u00e0 partir de Sart\u00e8ne<\/h3>\n\n\n\n<iframe src=\"https:\/\/www.google.com\/maps\/embed?pb=!1m14!1m8!1m3!1d2247.4527046091243!2d8.9412759!3d41.5425145!3m2!1i1024!2i768!4f13.1!3m3!1m2!1s0x12dbcb2cceeca271%3A0x4237fde90f93a0ee!2sBergerie%20A%20Pila!5e1!3m2!1sfr!2sfr!4v1618753237294!5m2!1sfr!2sfr\" width=\"800\" height=\"600\" style=\"border:0;\" allowfullscreen=\"\" loading=\"lazy\"><\/iframe>\n\n\n\n<hr class=\"wp-block-separator\"\/>\n\n\n\n<a href=\"https:\/\/www.charme-traditions.com\/fr\/chambres-d-hotes\/320\/corse-du-sud\/1\"><img decoding=\"async\" style=\"border: solid 0px;\" src=\"https:\/\/www.charme-traditions.com\/images\/membre-charme-traditions_w.png\" alt=\"chambres hotes Corse-du-Sud\"><\/a>\n\n\n\n<p><\/p>\n\n\n\n<p><\/p>\n","protected":false},"excerpt":{"rendered":"<p>contact@bergerie-a-pila.corsica Prendre contact pour obtenir des renseignements et recevoir le dossier de pr\u00e9sentation de ma bergerie. Nous rejoindre \u00e0 partir de Sart\u00e8ne<\/p>\n","protected":false},"author":1,"featured_media":50,"parent":0,"menu_order":0,"comment_status":"closed","ping_status":"closed","template":"","meta":{"footnotes":""},"class_list":["post-27","page","type-page","status-publish","has-post-thumbnail","hentry"],"_links":{"self":[{"href":"https:\/\/bergerie-a-pila.corsica\/index.php\/wp-json\/wp\/v2\/pages\/27"}],"collection":[{"href":"https:\/\/bergerie-a-pila.corsica\/index.php\/wp-json\/wp\/v2\/pages"}],"about":[{"href":"https:\/\/bergerie-a-pila.corsica\/index.php\/wp-json\/wp\/v2\/types\/page"}],"author":[{"embeddable":true,"href":"https:\/\/bergerie-a-pila.corsica\/index.php\/wp-json\/wp\/v2\/users\/1"}],"replies":[{"embeddable":true,"href":"https:\/\/bergerie-a-pila.corsica\/index.php\/wp-json\/wp\/v2\/comments?post=27"}],"version-history":[{"count":19,"href":"https:\/\/bergerie-a-pila.corsica\/index.php\/wp-json\/wp\/v2\/pages\/27\/revisions"}],"predecessor-version":[{"id":305,"href":"https:\/\/bergerie-a-pila.corsica\/index.php\/wp-json\/wp\/v2\/pages\/27\/revisions\/305"}],"wp:featuredmedia":[{"embeddable":true,"href":"https:\/\/bergerie-a-pila.corsica\/index.php\/wp-json\/wp\/v2\/media\/50"}],"wp:attachment":[{"href":"https:\/\/bergerie-a-pila.corsica\/index.php\/wp-json\/wp\/v2\/media?parent=27"}],"curies":[{"name":"wp","href":"https:\/\/api.w.org\/{rel}","templated":true}]}}